 {"id":4624,"date":"2017-09-13T06:44:45","date_gmt":"2017-09-13T06:44:45","guid":{"rendered":"http:\/\/www.bardifoods.com\/?page_id=4624"},"modified":"2020-03-16T11:25:11","modified_gmt":"2020-03-16T11:25:11","slug":"about-us","status":"publish","type":"page","link":"https:\/\/www.bardifoods.com\/de\/about-us\/","title":{"rendered":"\u00dcber uns"},"content":{"rendered":"<p>[vc_row][vc_column el_class=&#8220;pd-top-95,pd-bottom-85&#8243;][gsf_heading text_align=&#8220;text-center&#8220; title_font_size=&#8220;36&#8243; icon_image=&#8220;5906&#8243; el_class=&#8220;mg-bottom-55&#8243; title=&#8220;Wer wir sind&#8220;][vc_column_text el_class=&#8220;gsf-heading&#8220;]<\/p>\n<p class=\"content\">\nDirekt von der Farm. BARDI FOODS ist ein Gro\u00dfh\u00e4ndler, Vertreiber, Lieferant und Online Retailer von frischen, gefrorenen und trockenen Lebensmittelprodukten. Unsere Produkte werden von unseren vertrauensw\u00fcrdigen Farmen auf der ganzen Welt bezogen, um eine erstklassige Qualit\u00e4t zu einem wettbewerbsf\u00e4higen Preis zu gew\u00e4hrleisten. Wir sind stolz auf unseren ausgezeichneten Kundenservice und auf unsere Produkte mit gleichbleibender Qualit\u00e4t. Unsere Produktpalette und unsere Dienstleistungen haben wir rund um die Anforderungen des globalen Marktes und auf der Grundlage von GAP- und HACCP-Standards aufgebaut.<\/p>\n<p class=\"content\">Heute konzentriert sich BARDI Foods auf den 360er-Ansatz, um den Fokus auf Menschen, Gemeinschaft, Umwelt, Gesundheit, Sicherheit, Qualit\u00e4t und nicht zuletzt Service zu gew\u00e4hrleisten. Auftr\u00e4ge aus Europa koordinieren wir aus unserem B\u00fcro in Deutschland, Auftr\u00e4ge aus Afrika in Tansania und Auftr\u00e4ge aus dem arabischen Golf werden<\/p>\n<p>[\/vc_column_text][\/vc_column][vc_column][vc_single_image image=&#8220;5903&#8243; img_size=&#8220;large&#8220; alignment=&#8220;center&#8220;][\/vc_column][\/vc_row][vc_row equal_height=&#8220;yes&#8220; content_placement=&#8220;bottom&#8220; el_class=&#8220;pd-top-85&#8243;][vc_column el_class=&#8220;sm-mg-bottom-30,col-md-push-3&#8243; offset=&#8220;vc_col-md-6&#8243;][gsf_heading text_align=&#8220;text-center&#8220; title_font_size=&#8220;36&#8243; icon_image=&#8220;5906&#8243; title=&#8220;Warum Bardi Foods?&#8220; css=&#8220;.vc_custom_1578957307550{margin-bottom: 58px !important;}&#8220;][gsf_lists bullet_type=&#8220;list-square&#8220; bullet_color=&#8220;#333333&#8243; values=&#8220;%5B%7B%22label%22%3A%22Wir%20schenken%20jedem%20Detail%20in%20den%20Bedingungen%20des%20Handelsabkommens%20zwischen%20uns%20und%20Ihnen%20gro%C3%9Fe%20Aufmerksamkeit%2C%20wie%20zum%20Beispiel%20Verpackung%2C%20Handhabung%2C%20Terminierung%20und%20Warenlieferung.%22%7D%2C%7B%22label%22%3A%22Wir%20respektieren%20die%20Zeit%20unserer%20Kunden.%22%7D%2C%7B%22label%22%3A%22Wir%20garantieren%20Ihnen%20erstklassige%20Produkte%20unter%20dem%20Marktpreis.%22%7D%5D&#8220; css_animation=&#8220;right-to-left&#8220;][\/vc_column][\/vc_row][vc_row][vc_column][gsf_heading text_align=&#8220;text-center&#8220; title_font_size=&#8220;36&#8243; icon_image=&#8220;5906&#8243; el_class=&#8220;pd-top-50,pd-bottom-50&#8243; title=&#8220;Unser Auftrag&#8220; description=&#8220;Bereitstellung einer konstanten Versorgung mit frischen und gefrorenen landwirtschaftlichen Produkten f\u00fcr Kunden, die von vertrauensw\u00fcrdigen Landwirten auf der ganzen Welt erstklassige Qualit\u00e4t verlangen.&#8220;][\/vc_column][\/vc_row][vc_row][vc_column][gsf_heading text_align=&#8220;text-center&#8220; title_font_size=&#8220;36&#8243; icon_image=&#8220;5906&#8243; el_class=&#8220;pd-bottom-50&#8243; title=&#8220;Unsere Vision&#8220; description=&#8220;Exzellenz und Kontinuit\u00e4t im Service zu erreichen, um unsere bestehenden und zuk\u00fcnftigen Kunden zu begeistern.Wir wollen einen hervorragenden und kontinuierlichen Service erreichen, um unsere bestehenden und zuk\u00fcnftigen Kunden zu erfreuen.&#8220;][gsf_heading text_align=&#8220;text-center&#8220; title_font_size=&#8220;36&#8243; icon_image=&#8220;5906&#8243; el_class=&#8220;pd-bottom-50&#8243; title=&#8220;Unsere Ziele&#8220; description=&#8220;Qualitativ hochwertige, gesunde und nat\u00fcrliche Produkte zu einem wettbewerbsf\u00e4higen Preis anzubieten. Von Verbrauchern und Unternehmen als vertrauensw\u00fcrdiger Naturkostlieferant anerkannt zu werden.&#8220;][\/vc_column][\/vc_row]<\/p>\n","protected":false},"excerpt":{"rendered":"<p>[vc_row][vc_column el_class=&#8220;pd-top-95,pd-bottom-85&#8243;][gsf_heading text_align=&#8220;text-center&#8220; title_font_size=&#8220;36&#8243; icon_image=&#8220;5906&#8243; el_class=&#8220;mg-bottom-55&#8243; title=&#8220;Wer wir sind&#8220;][vc_column_text el_class=&#8220;gsf-heading&#8220;] Direkt von der Farm. BARDI FOODS ist ein Gro\u00dfh\u00e4ndler, Vertreiber, Lieferant und Online Retailer von frischen, gefrorenen und trockenen Lebensmittelprodukten. Unsere Produkte werden von unseren vertrauensw\u00fcrdigen Farmen auf der ganzen Welt bezogen, um eine erstklassige Qualit\u00e4t zu einem wettbewerbsf\u00e4higen Preis zu gew\u00e4hrleisten. Wir sind stolz [&hellip;]<\/p>\n","protected":false},"author":19,"featured_media":0,"parent":0,"menu_order":0,"comment_status":"closed","ping_status":"closed","template":"","meta":{"_seopress_robots_primary_cat":"","_seopress_titles_title":"","_seopress_titles_desc":"","_seopress_robots_index":"","footnotes":""},"class_list":["post-4624","page","type-page","status-publish","hentry"],"_links":{"self":[{"href":"https:\/\/www.bardifoods.com\/de\/wp-json\/wp\/v2\/pages\/4624","targetHints":{"allow":["GET"]}}],"collection":[{"href":"https:\/\/www.bardifoods.com\/de\/wp-json\/wp\/v2\/pages"}],"about":[{"href":"https:\/\/www.bardifoods.com\/de\/wp-json\/wp\/v2\/types\/page"}],"author":[{"embeddable":true,"href":"https:\/\/www.bardifoods.com\/de\/wp-json\/wp\/v2\/users\/19"}],"replies":[{"embeddable":true,"href":"https:\/\/www.bardifoods.com\/de\/wp-json\/wp\/v2\/comments?post=4624"}],"version-history":[{"count":31,"href":"https:\/\/www.bardifoods.com\/de\/wp-json\/wp\/v2\/pages\/4624\/revisions"}],"predecessor-version":[{"id":7149,"href":"https:\/\/www.bardifoods.com\/de\/wp-json\/wp\/v2\/pages\/4624\/revisions\/7149"}],"wp:attachment":[{"href":"https:\/\/www.bardifoods.com\/de\/wp-json\/wp\/v2\/media?parent=4624"}],"curies":[{"name":"wp","href":"https:\/\/api.w.org\/{rel}","templated":true}]}}